{"id":11069,"date":"2025-10-24T12:21:48","date_gmt":"2025-10-24T12:21:48","guid":{"rendered":"https:\/\/citysightseeing.com.co\/?post_type=product&#038;p=11069"},"modified":"2025-12-12T15:58:39","modified_gmt":"2025-12-12T15:58:39","slug":"5-islas-premium-baru","status":"publish","type":"product","link":"https:\/\/citysightseeing.com.co\/es\/tour\/5-islas-premium-baru\/","title":{"rendered":"5 ISLAS PREMIUM BAR\u00da"},"content":{"rendered":"<p data-start=\"300\" data-end=\"716\">Este tour te llevar\u00e1 a descubrir los tesoros m\u00e1s emblem\u00e1ticos del Caribe colombiano. Inicia con recorrido panor\u00e1mico por Bocachica y las Islas del Rosario, donde un gu\u00eda orientador compartir\u00e1 relatos hist\u00f3ricos y culturales que dar\u00e1n vida a cada lugar. Disfrutar\u00e1s una actividad de snorkeling en la avioneta hundida y tendr\u00e1s la opci\u00f3n de visitar el Oceanario o hacer una segunda inmersi\u00f3n en los arrecifes de coral.<\/p>\n<p data-start=\"718\" data-end=\"1157\">El viaje contin\u00faa hacia las islas m\u00e1s deseadas por los turistas. En Chol\u00f3n y Agua Azul vivir\u00e1s momentos de diversi\u00f3n y relax, con ba\u00f1o de mar y degustaciones locales. Luego, en Playa Tranquila en Bar\u00fa disfrutar\u00e1s un delicioso almuerzo y m\u00e1s tiempo de playa. Para cerrar la experiencia, contemplar\u00e1s el fen\u00f3meno natural del plancton luminoso en una laguna encantada que ilumina la noche y convierte el momento en algo verdaderamente m\u00e1gico.<\/p>\n","protected":false},"excerpt":{"rendered":"<p>Vive una experiencia completa en el Caribe: historia, aventura, islas paradis\u00edacas y plancton luminoso. Todo en un \u00fanico tour premium por las mejores islas de Cartagena.<\/p>\n","protected":false},"featured_media":11253,"comment_status":"open","ping_status":"closed","template":"","meta":[],"product_brand":[],"product_cat":[131],"product_tag":[],"class_list":{"0":"post-11069","1":"product","2":"type-product","3":"status-publish","4":"has-post-thumbnail","6":"product_cat-todo-en-uno","8":"first","9":"instock","10":"downloadable","11":"virtual","12":"sold-individually","13":"purchasable","14":"product-type-booking"},"jetpack_sharing_enabled":true,"_links":{"self":[{"href":"https:\/\/citysightseeing.com.co\/es\/wp-json\/wp\/v2\/product\/11069","targetHints":{"allow":["GET"]}}],"collection":[{"href":"https:\/\/citysightseeing.com.co\/es\/wp-json\/wp\/v2\/product"}],"about":[{"href":"https:\/\/citysightseeing.com.co\/es\/wp-json\/wp\/v2\/types\/product"}],"replies":[{"embeddable":true,"href":"https:\/\/citysightseeing.com.co\/es\/wp-json\/wp\/v2\/comments?post=11069"}],"wp:featuredmedia":[{"embeddable":true,"href":"https:\/\/citysightseeing.com.co\/es\/wp-json\/wp\/v2\/media\/11253"}],"wp:attachment":[{"href":"https:\/\/citysightseeing.com.co\/es\/wp-json\/wp\/v2\/media?parent=11069"}],"wp:term":[{"taxonomy":"product_brand","embeddable":true,"href":"https:\/\/citysightseeing.com.co\/es\/wp-json\/wp\/v2\/product_brand?post=11069"},{"taxonomy":"product_cat","embeddable":true,"href":"https:\/\/citysightseeing.com.co\/es\/wp-json\/wp\/v2\/product_cat?post=11069"},{"taxonomy":"product_tag","embeddable":true,"href":"https:\/\/citysightseeing.com.co\/es\/wp-json\/wp\/v2\/product_tag?post=11069"}],"curies":[{"name":"wp","href":"https:\/\/api.w.org\/{rel}","templated":true}]}}