{"id":11691,"date":"2025-12-10T19:25:22","date_gmt":"2025-12-10T19:25:22","guid":{"rendered":"https:\/\/citysightseeing.com.co\/tour\/value\/"},"modified":"2026-04-23T12:59:49","modified_gmt":"2026-04-23T12:59:49","slug":"value","status":"publish","type":"product","link":"https:\/\/citysightseeing.com.co\/es\/tour\/value\/","title":{"rendered":"VALUE"},"content":{"rendered":"<p><strong>\u00a1Conoce Cartagena por lo alto!<\/strong><\/p>\n<p>Descubre las mejores vistas de la ciudad en el \u00fanico bus tur\u00edstico de dos pisos con techo abierto de la ciudad. Esta experiencia te permite explorar a tu propio ritmo, subiendo y bajando en cualquiera de las 12 paradas cuidadosamente seleccionadas. Conoce lugares emblem\u00e1ticos como la famosa Torre del Reloj y la enigm\u00e1tica fortaleza de San Felipe, entre otros.<\/p>\n<p>Siente el sol en la cara mientras nuestro sistema multiling\u00fce te narra informaci\u00f3n sobre la historia, la cultura y la arquitectura de la ciudad.Disfruta de la experiencia del autob\u00fas de dos pisos y recorre las atracciones y lugares m\u00e1s cautivadores de esta encantadora ciudad. Avent\u00farate en el impresionante Fuerte Militar San Felipe de Barajas, una de las fortificaciones m\u00e1s emblem\u00e1ticas de Am\u00e9rica. Considerada patrimonio hist\u00f3rico y cultural de Cartagena de Indias, es una de las siete maravillas de Colombia. Esta majestuosa fortaleza, que tard\u00f3 m\u00e1s de un siglo en construirse, fue dise\u00f1ada para proteger la ciudad de invasiones y ataques de ej\u00e9rcitos y piratas.<\/p>\n<p>Despierta tus sentidos en las Islas del Rosario, un para\u00edso de arenas v\u00edrgenes y tentadoras aguas turquesas. Este segundo d\u00eda se trata de escapar a un mundo donde el tiempo se ralentiza y reina la relajaci\u00f3n. Vive las vibraciones del Caribe con m\u00fasica tropical o simplemente rel\u00e1jate en las costas ba\u00f1adas por el sol con la calidez de la brisa tropical. Prueba los sabores locales con un almuerzo t\u00edpico servido y deja que el d\u00eda se derrita en pura dicha.<\/p>\n","protected":false},"excerpt":{"rendered":"<p>Descubre Cartagena desde todos los \u00e1ngulos: por tierra, a bordo del \u00fanico autob\u00fas de dos pisos descubierto de la ciudad, y por mar, en las impresionantes Islas del Rosario. Explora lugares emblem\u00e1ticos a tu propio ritmo, desde la hist\u00f3rica Torre del Reloj hasta la imponente fortaleza de San Felipe. Despu\u00e9s, rel\u00e1jate en el para\u00edso con aguas turquesas, arenas suaves, ritmos tropicales y un almuerzo tradicional caribe\u00f1o. Una mezcla perfecta de cultura, historia y felicidad isle\u00f1a.<\/p>\n","protected":false},"featured_media":11692,"comment_status":"closed","ping_status":"closed","template":"","meta":[],"product_brand":[],"product_cat":[112],"product_tag":[],"class_list":{"0":"post-11691","1":"product","2":"type-product","3":"status-publish","4":"has-post-thumbnail","6":"product_cat-hop-on-hop-off","8":"first","9":"outofstock","10":"sold-individually","11":"shipping-taxable","12":"purchasable","13":"product-type-booking"},"jetpack_sharing_enabled":true,"_links":{"self":[{"href":"https:\/\/citysightseeing.com.co\/es\/wp-json\/wp\/v2\/product\/11691","targetHints":{"allow":["GET"]}}],"collection":[{"href":"https:\/\/citysightseeing.com.co\/es\/wp-json\/wp\/v2\/product"}],"about":[{"href":"https:\/\/citysightseeing.com.co\/es\/wp-json\/wp\/v2\/types\/product"}],"replies":[{"embeddable":true,"href":"https:\/\/citysightseeing.com.co\/es\/wp-json\/wp\/v2\/comments?post=11691"}],"wp:featuredmedia":[{"embeddable":true,"href":"https:\/\/citysightseeing.com.co\/es\/wp-json\/wp\/v2\/media\/11692"}],"wp:attachment":[{"href":"https:\/\/citysightseeing.com.co\/es\/wp-json\/wp\/v2\/media?parent=11691"}],"wp:term":[{"taxonomy":"product_brand","embeddable":true,"href":"https:\/\/citysightseeing.com.co\/es\/wp-json\/wp\/v2\/product_brand?post=11691"},{"taxonomy":"product_cat","embeddable":true,"href":"https:\/\/citysightseeing.com.co\/es\/wp-json\/wp\/v2\/product_cat?post=11691"},{"taxonomy":"product_tag","embeddable":true,"href":"https:\/\/citysightseeing.com.co\/es\/wp-json\/wp\/v2\/product_tag?post=11691"}],"curies":[{"name":"wp","href":"https:\/\/api.w.org\/{rel}","templated":true}]}}