{"id":11839,"date":"2026-03-02T21:49:49","date_gmt":"2026-03-02T21:49:49","guid":{"rendered":"https:\/\/citysightseeing.com.co\/tour\/cartagena-facil\/"},"modified":"2026-03-13T19:51:43","modified_gmt":"2026-03-13T19:51:43","slug":"cartagena-facil","status":"publish","type":"product","link":"https:\/\/citysightseeing.com.co\/es\/tour\/cartagena-facil\/","title":{"rendered":"Cartagena f\u00e1cil"},"content":{"rendered":"<p><span class=\"TextRun SCXW158866320 BCX0\" lang=\"ES-CO\" xml:lang=\"ES-CO\" data-contrast=\"auto\"><span class=\"NormalTextRun SCXW158866320 BCX0\">D\u00e9jate conquistar por el encanto de Cartagena de Indias en una experiencia guiada que revela la fascinante historia de la ciudad, desde sus inicios hasta nuestros d\u00edas. Camina por el vibrante barrio Getseman\u00ed y el Centro Hist\u00f3rico, mientras escuchas las historias m\u00e1s cautivantes de los hechos que le dieron forma a la identidad de la ciudad. Descubre la imponencia del Castillo de San Felipe de Barajas, sum\u00e9rgete en el mundo de las esmeraldas colombianas y da un salto en el tiempo con un recorrido panor\u00e1mico\u00a0<\/span><span class=\"NormalTextRun SCXW158866320 BCX0\">hacia la bah\u00eda y la zona moderna. Disfruta de un c\u00f3modo transporte con aire acondicionado, y captura la esencia de los lugares m\u00e1s ic\u00f3nicos con paradas fotogr\u00e1ficas.<\/span><\/span><span class=\"EOP SCXW158866320 BCX0\" data-ccp-props=\"{&quot;201341983&quot;:0,&quot;335559739&quot;:0,&quot;335559740&quot;:331}\">\u00a0<\/span><\/p>\n","protected":false},"excerpt":{"rendered":"<p><span class=\"TextRun SCXW7069155 BCX0\" lang=\"ES-CO\" xml:lang=\"ES-CO\" data-contrast=\"auto\"><span class=\"NormalTextRun SCXW7069155 BCX0\">D\u00e9jate conquistar por el encanto de Cartagena de Indias en una experiencia guiada que revela la fascinante historia de la ciudad, desde sus inicios hasta nuestros d\u00edas. Camina por el vibrante barrio Getseman\u00ed y el Centro Hist\u00f3rico, mientras escuchas las historias m\u00e1s cautivantes de los hechos que le dieron forma a la identidad de la ciudad. Descubre la imponencia del Castillo de San Felipe de Barajas, sum\u00e9rgete en el mundo de las esmeraldas colombianas y da un salto en el tiempo con un recorrido panor\u00e1mico\u00a0<\/span><span class=\"NormalTextRun SCXW7069155 BCX0\">hacia la bah\u00eda y la zona moderna. Disfruta de un c\u00f3modo transporte con aire acondicionado, y captura la esencia de los lugares m\u00e1s ic\u00f3nicos con paradas fotogr\u00e1ficas.<\/span><\/span><span class=\"EOP SCXW7069155 BCX0\" data-ccp-props=\"{&quot;201341983&quot;:0,&quot;335559739&quot;:0,&quot;335559740&quot;:331}\">\u00a0<\/span><\/p>\n","protected":false},"featured_media":11692,"comment_status":"open","ping_status":"closed","template":"","meta":[],"product_brand":[],"product_cat":[112],"product_tag":[],"class_list":{"0":"post-11839","1":"product","2":"type-product","3":"status-publish","4":"has-post-thumbnail","6":"product_cat-hop-on-hop-off","8":"first","9":"instock","10":"sold-individually","11":"shipping-taxable","12":"purchasable","13":"product-type-booking"},"jetpack_sharing_enabled":true,"_links":{"self":[{"href":"https:\/\/citysightseeing.com.co\/es\/wp-json\/wp\/v2\/product\/11839","targetHints":{"allow":["GET"]}}],"collection":[{"href":"https:\/\/citysightseeing.com.co\/es\/wp-json\/wp\/v2\/product"}],"about":[{"href":"https:\/\/citysightseeing.com.co\/es\/wp-json\/wp\/v2\/types\/product"}],"replies":[{"embeddable":true,"href":"https:\/\/citysightseeing.com.co\/es\/wp-json\/wp\/v2\/comments?post=11839"}],"wp:featuredmedia":[{"embeddable":true,"href":"https:\/\/citysightseeing.com.co\/es\/wp-json\/wp\/v2\/media\/11692"}],"wp:attachment":[{"href":"https:\/\/citysightseeing.com.co\/es\/wp-json\/wp\/v2\/media?parent=11839"}],"wp:term":[{"taxonomy":"product_brand","embeddable":true,"href":"https:\/\/citysightseeing.com.co\/es\/wp-json\/wp\/v2\/product_brand?post=11839"},{"taxonomy":"product_cat","embeddable":true,"href":"https:\/\/citysightseeing.com.co\/es\/wp-json\/wp\/v2\/product_cat?post=11839"},{"taxonomy":"product_tag","embeddable":true,"href":"https:\/\/citysightseeing.com.co\/es\/wp-json\/wp\/v2\/product_tag?post=11839"}],"curies":[{"name":"wp","href":"https:\/\/api.w.org\/{rel}","templated":true}]}}